{"id":3,"date":"2023-11-29T18:02:44","date_gmt":"2023-11-29T18:02:44","guid":{"rendered":"https:\/\/magicznemomenty.pl\/sklep\/?page_id=3"},"modified":"2024-01-15T12:06:35","modified_gmt":"2024-01-15T11:06:35","slug":"polityka-prywatnosci","status":"publish","type":"page","link":"https:\/\/magicznemomenty.pl\/sklep\/polityka-prywatnosci\/","title":{"rendered":"Polityka Prywatno\u015bci"},"content":{"rendered":"\n<ol class=\"wp-block-list\">\n<li>Niniejsza Polityka Prywatno\u015bci okre\u015bla zasady przetwarzania danych osobowych pozyskanych za po\u015brednictwem Sklepu Internetowego&nbsp;MagiczneMomenty.pl&nbsp;(zwanego dalej: \u201eSklepem\u201d).<\/li>\n\n\n\n<li>\u00a0W\u0142a\u015bcicielem Sklepu i jednocze\u015bnie administratorem danych jest Magiczne Momenty Sp\u00f3\u0142ka z ograniczon\u0105 odpowiedzialno\u015bci\u0105, Rynek G\u0142\u00f3wny 28, 31-010 Krak\u00f3w<\/li>\n<\/ol>\n\n\n\n<p>zwana dalej MagiczneMomenty.pl<\/p>\n\n\n\n<ol class=\"wp-block-list\">\n<li>MagiczneMomenty.pl dok\u0142ada szczeg\u00f3lnej staranno\u015bci do poszanowania prywatno\u015bci Klient\u00f3w odwiedzaj\u0105cych Sklep.<\/li>\n<\/ol>\n\n\n\n<h2 class=\"wp-block-heading\">1. Jak zbieramy dane?<\/h2>\n\n\n\n<ol class=\"wp-block-list\">\n<li>&nbsp;MagiczneMomenty.pl zbiera dane osobowe os\u00f3b fizycznych dokonuj\u0105cych czynno\u015bci prawnej niezwi\u0105zanej bezpo\u015brednio z ich dzia\u0142alno\u015bci\u0105 (konsumenci), zwani dalej jako Klienci.<\/li>\n\n\n\n<li>&nbsp;Dane osobowe Klient\u00f3w s\u0105 zbierane w przypadku:<br>a) rejestracji konta w Sklepie Internetowym;<br>b) sk\u0142adania zam\u00f3wienia w Sklepie Internetowym;<br>c) subskrypcji biuletynu informacyjnego (Newsletter).<\/li>\n\n\n\n<li>&nbsp;W przypadku rejestracji konta w Sklepie, Klient podaje:<br>a) adres e-mail.<\/li>\n\n\n\n<li>&nbsp;Podczas rejestracji konta w Sklepie Klient samodzielnie ustala indywidualne has\u0142o dost\u0119pu do swojego konta. Klient mo\u017ce zmieni\u0107 has\u0142o, w p\u00f3\u017aniejszym czasie, na zasadach opisanych w \u00a74.<\/li>\n\n\n\n<li>&nbsp;W przypadku sk\u0142adania zam\u00f3wienia w Sklepie, Klient podaje nast\u0119puj\u0105ce dane:<br>a) adres e-mail;<br>b) dane adresowe:<br>a. kod pocztowy i miejscowo\u015b\u0107;<br>b. kraj (pa\u0144stwo);<br>c. ulica wraz z numerem domu\/mieszkania.<br>c) imi\u0119 i nazwisko;<br>d) numer telefonu.<\/li>\n\n\n\n<li>&nbsp;W przypadku skorzystania z us\u0142ugi Newsletter, Klient podaje jedynie sw\u00f3j adres e-mail.<\/li>\n\n\n\n<li>&nbsp;Podczas korzystania ze stron internetowych Sklepu mog\u0105 by\u0107 pobierane dodatkowe informacje, w szczeg\u00f3lno\u015bci: adres IP przypisany do komputera Klienta lub zewn\u0119trzny adres IP dostawcy Internetu, nazwa domeny, rodzaj przegl\u0105darki, czas dost\u0119pu, typ systemu operacyjnego.<\/li>\n\n\n\n<li>&nbsp;Od Klient\u00f3w mog\u0105 by\u0107 tak\u017ce gromadzone dane nawigacyjne, w tym informacje o linkach i odno\u015bnikach, w kt\u00f3re zdecyduj\u0105 si\u0119 klikn\u0105\u0107 lub innych czynno\u015bciach, podejmowanych w naszym Sklepie.<\/li>\n<\/ol>\n\n\n\n<h2 class=\"wp-block-heading\">2. Jak wykorzystujemy zebrane dane?<\/h2>\n\n\n\n<ol class=\"wp-block-list\">\n<li>&nbsp;W przypadku dokonania rejestracji konta w Sklepie dane Klient\u00f3w wykorzystywane s\u0105 w celu utworzenia indywidualnego konta i zarz\u0105dzania tym kontem.<\/li>\n\n\n\n<li>&nbsp;W przypadku dokonania zakupu w Sklepie dane osobowe mog\u0105 by\u0107 przekazywane, w zale\u017cno\u015bci od wyboru Klienta, nast\u0119puj\u0105cym podmiotom w celu dostarczenia zam\u00f3wionych towar\u00f3w:<br>a) firmie kurierskiej;<br>b) firmie InPost Paczkomaty Sp. z o.o. z siedzib\u0105 w Krakowie, \u015bwiadcz\u0105cej us\u0142ugi dostawy i obs\u0142ugi systemu skrytek pocztowych (Paczkomaty);<br>c) Poczcie Polskiej S.A. z siedzib\u0105 w Warszawie.<\/li>\n\n\n\n<li>&nbsp;Dane nawigacyjne mog\u0105 by\u0107 wykorzystywane w celu zapewnienia Klientom lepszej obs\u0142ugi, analizy danych statystycznych i dostosowania Sklepu do preferencji Klient\u00f3w, a tak\u017ce administrowania Sklepem.<\/li>\n\n\n\n<li>&nbsp;W przypadku, gdy Klient dokona subskrypcji biuletynu informacyjnego (Newsletter) na jego adres e-mail MagiczneMomenty.pl b\u0119dzie wysy\u0142a\u0142 wiadomo\u015bci elektroniczne zawieraj\u0105ce informacje handlowe o promocjach i nowych produktach dost\u0119pnych w Sklepie.<\/li>\n<\/ol>\n\n\n\n<h2 class=\"wp-block-heading\">3. Mechanizm cookies, adres IP<\/h2>\n\n\n\n<ol class=\"wp-block-list\">\n<li>Sklep u\u017cywa niewielkich plik\u00f3w, zwanych cookies. Zapisywane s\u0105 one przez MagiczneMomenty.pl na komputerze osoby odwiedzaj\u0105cej Sklep, je\u017celi przegl\u0105darka internetowa na to pozwala. Plik cookie zwykle zawiera nazw\u0119 domeny, z kt\u00f3rej pochodzi, sw\u00f3j \u201eczas wyga\u015bni\u0119cia\u201d oraz indywidualn\u0105, losowo wybran\u0105 liczb\u0119 identyfikuj\u0105c\u0105 ten plik. Informacje zbierane za pomoc\u0105 plik\u00f3w tego typu pomagaj\u0105 dostosowywa\u0107 oferowane przez MagiczneMomenty.pl produkty do indywidualnych preferencji i rzeczywistych potrzeb os\u00f3b odwiedzaj\u0105cych Sklep. Daje te\u017c mo\u017cliwo\u015b\u0107 opracowywania og\u00f3lnych statystyk odwiedzin prezentowanych produkt\u00f3w w Sklepie.<\/li>\n\n\n\n<li>MagiczneMomenty.pl wykorzystuje dwa typy plik\u00f3w cookies:<br>a) Cookies sesyjne: po zako\u0144czeniu sesji danej przegl\u0105darki lub wy\u0142\u0105czeniu komputera zapisane informacje s\u0105 usuwane z pami\u0119ci urz\u0105dzenia. Mechanizm cookies sesyjnych nie pozwala na pobieranie jakichkolwiek danych osobowych ani \u017cadnych informacji poufnych z komputera Klient\u00f3w.<br>b) Cookies trwa\u0142e: s\u0105 przechowywane w pami\u0119ci urz\u0105dzenia ko\u0144cowego Klienta i pozostaj\u0105 tam do momentu ich skasowania lub wyga\u015bni\u0119cia. Mechanizm cookies trwa\u0142ych nie pozwala na pobieranie jakichkolwiek danych osobowych ani \u017cadnych informacji poufnych z komputera Klient\u00f3w.<\/li>\n\n\n\n<li>MagiczneMomenty.pl wykorzystuje Cookies w\u0142asne w celu:<br>a) uwierzytelniania Klienta w Sklepie i zapewnienia sesji Klienta w Sklepie (po zalogowaniu), dzi\u0119ki kt\u00f3rej Klient nie musi na ka\u017cdej podstronie Sklepu ponownie wpisywa\u0107 loginu i has\u0142a;<br>b) analiz i bada\u0144 oraz audytu ogl\u0105dalno\u015bci, a w szczeg\u00f3lno\u015bci do tworzenia anonimowych statystyk, kt\u00f3re pomagaj\u0105 zrozumie\u0107, w jaki spos\u00f3b Klienci Sklepu korzystaj\u0105 ze Strony Internetowej Sklepu, co umo\u017cliwia ulepszanie jej struktury i zawarto\u015bci.<\/li>\n\n\n\n<li>MagiczneMomenty.pl wykorzystuje cookies zewn\u0119trzne w celu:<br>a) popularyzacji Sklepu za pomoc\u0105 serwisu spo\u0142eczno\u015bciowego facebook.com (administrator cookies zewn\u0119trznego: Facebook Inc z siedzib\u0105 w USA lub Facebook Ireland z siedzib\u0105 w Irlandii);<br>b) popularyzacji Sklepu za pomoc\u0105 serwisu spo\u0142eczno\u015bciowego twitter.com (administrator cookies zewn\u0119trznego: Twitter Inc. z siedzib\u0105 w USA);<br>c) zbierania og\u00f3lnych i anonimowych danych statycznych za po\u015brednictwem narz\u0119dzi analitycznych Google Analytics (administrator cookies zewn\u0119trznego: Google Inc z siedzib\u0105 w USA);<br>d) prezentacji Certyfikatu Rzetelny Regulamin za po\u015brednictwem serwisu internetowego rzetelnyregulamin.pl (administrator cookies zewn\u0119trznego: B2B Consulting Sp. z o.o. z siedzib\u0105 w Warszawie).<\/li>\n\n\n\n<li>&nbsp;Mechanizm cookies jest bezpieczny dla komputer\u00f3w Klient\u00f3w Sklepu. W szczeg\u00f3lno\u015bci t\u0105 drog\u0105 nie jest mo\u017cliwe przedostanie si\u0119 do komputer\u00f3w Klient\u00f3w wirus\u00f3w lub innego niechcianego oprogramowania lub oprogramowania z\u0142o\u015bliwego. Niemniej w swoich przegl\u0105darkach Klienci maj\u0105 mo\u017cliwo\u015b\u0107 ograniczenia lub wy\u0142\u0105czenia dost\u0119pu plik\u00f3w cookies do komputer\u00f3w. W przypadku skorzystania z tej opcji korzystanie ze Sklepu b\u0119dzie mo\u017cliwe, poza funkcjami, kt\u00f3re ze swojej natury wymagaj\u0105 plik\u00f3w cookies.<\/li>\n\n\n\n<li>&nbsp;Poni\u017cej przedstawiamy jak mo\u017cna zmieni\u0107 ustawienia popularnych przegl\u0105darek internetowych w zakresie stosowania plik\u00f3w cookies:<br>a) przegl\u0105darka&nbsp;<a href=\"http:\/\/windows.microsoft.com\/pl-PL\/windows7\/How-to-manage-cookies-in-Internet-Explorer-9\">Internet Explorer<\/a>;<br>b)&nbsp;przegl\u0105darka&nbsp;<a href=\"http:\/\/support.mozilla.org\/pl\/kb\/ciasteczka\">Mozilla Firefox<\/a>;<br>c) przegl\u0105darka&nbsp;<a href=\"http:\/\/support.google.com\/chrome\/bin\/answer.py?hl=pl&amp;answer=95647\">Chrome<\/a>;<br>d) przegl\u0105darka&nbsp;<a href=\"http:\/\/support.apple.com\/kb\/HT1677?viewlocale=pl_PL&amp;locale=pl_PL\">Safari<\/a>;<br>e) przegl\u0105darka&nbsp;<a href=\"http:\/\/help.opera.com\/Linux\/9.22\/pl\/cookies.html\">Opera<\/a>.<\/li>\n\n\n\n<li>MagiczneMomenty.pl mo\u017ce gromadzi\u0107 adresy IP Klient\u00f3w. Adres IP to numer przydzielany komputerowi osoby odwiedzaj\u0105cej Sklep przez dostawc\u0119 us\u0142ug internetowych. Numer IP umo\u017cliwia dost\u0119p do Internetu. W wi\u0119kszo\u015bci przypadk\u00f3w jest przypisywany komputerowi dynamicznie, tj. zmienia si\u0119 przy ka\u017cdym po\u0142\u0105czeniu z Internetem i z tego powodu traktowany jest powszechnie, jako nieosobista informacja identyfikuj\u0105ca. Adres IP jest wykorzystywany przez MagiczneMomenty.pl przy diagnozowaniu problem\u00f3w technicznych z serwerem, tworzeniu analiz statystycznych (np. okre\u015bleniu, z jakich region\u00f3w notujemy najwi\u0119cej odwiedzin), jako informacja przydatna przy administrowaniu i udoskonalaniu Sklepu, a tak\u017ce w celach bezpiecze\u0144stwa oraz ewentualnej identyfikacji obci\u0105\u017caj\u0105cych serwer, niepo\u017c\u0105danych automatycznych program\u00f3w do przegl\u0105dania tre\u015bci Sklepu.<\/li>\n\n\n\n<li>&nbsp;Sklep zawiera linki i odno\u015bniki do innych stron internetowych. MagiczneMomenty.pl nie ponosi odpowiedzialno\u015bci za zasady ochrony prywatno\u015bci na nich obowi\u0105zuj\u0105ce.<\/li>\n<\/ol>\n\n\n\n<h2 class=\"wp-block-heading\">4. Dost\u0119p do danych i zabezpieczenia<\/h2>\n\n\n\n<ol class=\"wp-block-list\">\n<li>Dane osobowe zbierane przez MagiczneMomenty.pl za po\u015brednictwem Sklepu s\u0105 przetwarzane zgodnie z ustaw\u0105 z dnia 29 sierpnia 1997 r. o ochronie danych osobowych (Dz.U.2014.1182 j.t.).<\/li>\n\n\n\n<li>&nbsp;Dost\u0119p do danych osobowych Klient\u00f3w zbieranych za po\u015brednictwem Sklepu maj\u0105 jedynie uprawnieni pracownicy MagiczneMomenty.pl.<\/li>\n\n\n\n<li>&nbsp;Dane osobowe Klient\u00f3w mog\u0105 by\u0107 przekazywane innym podmiotom na podstawie przepis\u00f3w prawa lub zgody wyra\u017conej przez Klienta. Lista podmiot\u00f3w, o kt\u00f3rych mowa w zdaniu poprzednim wskazana jest w paragrafie: \u201eJak wykorzystujemy zebrane dane?\u201d.<\/li>\n\n\n\n<li>MagiczneMomenty.pl zapewnia Klientom, kt\u00f3rzy posiadaj\u0105 konto, nieprzerwany dost\u0119p do swoich danych osobowych i mo\u017cliwo\u015b\u0107 ich modyfikacji w ka\u017cdej chwili. Dost\u0119p i modyfikacja danych osobowych mo\u017cliwe s\u0105 po zalogowaniu do konta w Sklepie.<\/li>\n\n\n\n<li>&nbsp;Klient ma mo\u017cliwo\u015b\u0107 usuni\u0119cia danych osobowych ze zbioru danych. MagiczneMomenty.pl mo\u017ce odm\u00f3wi\u0107 usuni\u0119cia danych Klienta, je\u015bli ten naruszy\u0142 obowi\u0105zuj\u0105cy w Sklepie regulamin, a zachowanie danych jest niezb\u0119dne do wyja\u015bnienia tych okoliczno\u015bci i ustalenia odpowiedzialno\u015bci, a w szczeg\u00f3lno\u015bci dochodzenia przez MagiczneMomenty.pl roszcze\u0144 od danego Klienta.<\/li>\n\n\n\n<li>&nbsp;W przypadku subskrypcji biuletynu informacyjnego Klient ma mo\u017cliwo\u015b\u0107 usuni\u0119cia swojego adresu e-mail z listy wysy\u0142kowej.<\/li>\n\n\n\n<li>MagiczneMomenty.pl nigdy nie wysy\u0142a \u017cadnej korespondencji, w tym korespondencji elektronicznej z pro\u015bb\u0105 o podanie danych do logowania, a w szczeg\u00f3lno\u015bci has\u0142a dost\u0119powego do konta Klienta.<\/li>\n<\/ol>\n\n\n\n<h2 class=\"wp-block-heading\">5. Zmiany Polityki Prywatno\u015bci<\/h2>\n\n\n\n<ol class=\"wp-block-list\">\n<li>&nbsp;Polityka Prywatno\u015bci mo\u017ce ulec zmianie, o czym MagiczneMomenty.pl poinformuje Klient\u00f3w z wyprzedzeniem 7 dni.<\/li>\n\n\n\n<li>&nbsp;Pytania zwi\u0105zane z Polityk\u0105 Prywatno\u015bci prosimy kierowa\u0107 na adres: kontakt@magicznemomenty.pl<\/li>\n\n\n\n<li>&nbsp;Data ostatniej modyfikacji: 01.12.2023 r.<\/li>\n<\/ol>\n","protected":false},"excerpt":{"rendered":"<p>zwana dalej MagiczneMomenty.pl 1. Jak zbieramy dane? 2. Jak wykorzystujemy zebrane dane? 3. Mechanizm cookies, adres IP 4. Dost\u0119p do<\/p>\n","protected":false},"author":1,"featured_media":0,"parent":0,"menu_order":0,"comment_status":"closed","ping_status":"open","template":"","meta":{"_monsterinsights_skip_tracking":false,"_monsterinsights_sitenote_active":false,"_monsterinsights_sitenote_note":"","_monsterinsights_sitenote_category":0,"footnotes":""},"class_list":["post-3","page","type-page","status-publish","hentry"],"aioseo_notices":[],"_links":{"self":[{"href":"https:\/\/magicznemomenty.pl\/sklep\/wp-json\/wp\/v2\/pages\/3","targetHints":{"allow":["GET"]}}],"collection":[{"href":"https:\/\/magicznemomenty.pl\/sklep\/wp-json\/wp\/v2\/pages"}],"about":[{"href":"https:\/\/magicznemomenty.pl\/sklep\/wp-json\/wp\/v2\/types\/page"}],"author":[{"embeddable":true,"href":"https:\/\/magicznemomenty.pl\/sklep\/wp-json\/wp\/v2\/users\/1"}],"replies":[{"embeddable":true,"href":"https:\/\/magicznemomenty.pl\/sklep\/wp-json\/wp\/v2\/comments?post=3"}],"version-history":[{"count":2,"href":"https:\/\/magicznemomenty.pl\/sklep\/wp-json\/wp\/v2\/pages\/3\/revisions"}],"predecessor-version":[{"id":15649,"href":"https:\/\/magicznemomenty.pl\/sklep\/wp-json\/wp\/v2\/pages\/3\/revisions\/15649"}],"wp:attachment":[{"href":"https:\/\/magicznemomenty.pl\/sklep\/wp-json\/wp\/v2\/media?parent=3"}],"curies":[{"name":"wp","href":"https:\/\/api.w.org\/{rel}","templated":true}]}}