{"id":15986,"date":"2024-01-25T00:47:13","date_gmt":"2024-01-24T23:47:13","guid":{"rendered":"https:\/\/magicznemomenty.pl\/sklep\/?post_type=product&#038;p=15986"},"modified":"2024-02-15T17:00:29","modified_gmt":"2024-02-15T16:00:29","slug":"dywan-bialy-dl-19m-szer-90cm","status":"publish","type":"product","link":"https:\/\/magicznemomenty.pl\/sklep\/produkt\/dywan-bialy-dl-19m-szer-90cm\/","title":{"rendered":"Dywan bia\u0142y D\u0142 &#8211; 19m | Szer. 90cm"},"content":{"rendered":"","protected":false},"excerpt":{"rendered":"<p>Dywan przesy\u0142any jest czysty, gotowy do u\u017cycia, zwini\u0119ty w rulon na czas wysy\u0142ki.<\/p>\n<p>Po otrzymaniu dywanu nale\u017cy go rozpakowa\u0107 i rozluzowa\u0107, aby zniwelowa\u0107 powsta\u0142e zagniecenia.<\/p>\n<p><strong>Gramatura 500 g\/m2<\/strong><\/p>\n<p><strong>Grubo\u015b\u0107 3 mm<\/strong><\/p>\n<p>Monta\u017c:<\/p>\n<p>Rozwin\u0105\u0107 oraz doklei\u0107 dywan do pod\u0142ogi ta\u015bm\u0105 dwustronn\u0105, tak aby jak najdok\u0142adniej przylega\u0142.<\/p>\n<p>W plenerze boki dywanu przytwierdzi\u0107 d\u0142ugimi szpilkami do ziemi lub przysypa\u0107 brzegi piaskiem.<\/p>\n<p>Dywan po u\u017cyciu wystarczy odkurzy\u0107, nie wymaga on specjalistycznego czyszczenia i do takiej opcji zach\u0119camy.<\/p>\n<p>Istnieje jednak mo\u017cliwo\u015b\u0107 zwrotu dywanu niewyczyszczonego, wtedy do ceny dywanu nale\u017cy doliczy\u0107 koszt czyszczenia 50 z\u0142\/szt.<\/p>\n","protected":false},"featured_media":15988,"comment_status":"open","ping_status":"closed","template":"","meta":{"_monsterinsights_skip_tracking":false,"_monsterinsights_sitenote_active":false,"_monsterinsights_sitenote_note":"","_monsterinsights_sitenote_category":0},"product_brand":[],"product_cat":[82,79],"product_tag":[80,77],"class_list":{"0":"post-15986","1":"product","2":"type-product","3":"status-publish","4":"has-post-thumbnail","6":"product_cat-dekoracje","7":"product_cat-dywany","8":"product_tag-dywan","9":"product_tag-wynajem","11":"first","12":"instock","13":"shipping-taxable","14":"purchasable","15":"product-type-redq_rental"},"aioseo_notices":[],"_links":{"self":[{"href":"https:\/\/magicznemomenty.pl\/sklep\/wp-json\/wp\/v2\/product\/15986","targetHints":{"allow":["GET"]}}],"collection":[{"href":"https:\/\/magicznemomenty.pl\/sklep\/wp-json\/wp\/v2\/product"}],"about":[{"href":"https:\/\/magicznemomenty.pl\/sklep\/wp-json\/wp\/v2\/types\/product"}],"replies":[{"embeddable":true,"href":"https:\/\/magicznemomenty.pl\/sklep\/wp-json\/wp\/v2\/comments?post=15986"}],"version-history":[{"count":2,"href":"https:\/\/magicznemomenty.pl\/sklep\/wp-json\/wp\/v2\/product\/15986\/revisions"}],"predecessor-version":[{"id":15994,"href":"https:\/\/magicznemomenty.pl\/sklep\/wp-json\/wp\/v2\/product\/15986\/revisions\/15994"}],"wp:featuredmedia":[{"embeddable":true,"href":"https:\/\/magicznemomenty.pl\/sklep\/wp-json\/wp\/v2\/media\/15988"}],"wp:attachment":[{"href":"https:\/\/magicznemomenty.pl\/sklep\/wp-json\/wp\/v2\/media?parent=15986"}],"wp:term":[{"taxonomy":"product_brand","embeddable":true,"href":"https:\/\/magicznemomenty.pl\/sklep\/wp-json\/wp\/v2\/product_brand?post=15986"},{"taxonomy":"product_cat","embeddable":true,"href":"https:\/\/magicznemomenty.pl\/sklep\/wp-json\/wp\/v2\/product_cat?post=15986"},{"taxonomy":"product_tag","embeddable":true,"href":"https:\/\/magicznemomenty.pl\/sklep\/wp-json\/wp\/v2\/product_tag?post=15986"}],"curies":[{"name":"wp","href":"https:\/\/api.w.org\/{rel}","templated":true}]}}