{"id":16009,"date":"2024-01-25T02:09:35","date_gmt":"2024-01-25T01:09:35","guid":{"rendered":"https:\/\/magicznemomenty.pl\/sklep\/?post_type=product&#038;p=16009"},"modified":"2024-02-26T12:02:50","modified_gmt":"2024-02-26T11:02:50","slug":"sztaluga-na-tablice-powitalna-185-cm","status":"publish","type":"product","link":"https:\/\/magicznemomenty.pl\/sklep\/produkt\/sztaluga-na-tablice-powitalna-185-cm\/","title":{"rendered":"Sztaluga na tablic\u0119 powitaln\u0105 185 cm"},"content":{"rendered":"","protected":false},"excerpt":{"rendered":"<p>Prezentujemy Pa\u0144stwu sztalug\u0119 weseln\u0105 kt\u00f3ra idealnie pasuje do tablic powitalnych.<\/p>\n<p>Wymiary:<\/p>\n<p>Szeroko\u015b\u0107 u podstawy &#8211; ok. 65 cm<\/p>\n<p>G\u0142\u0119boko\u015b\u0107 u podstawy &#8211; ok. 90 cm<\/p>\n<p>Wysoko\u015b\u0107 sztalugi &#8211; ok. 185 cm<\/p>\n","protected":false},"featured_media":16010,"comment_status":"open","ping_status":"closed","template":"","meta":{"_monsterinsights_skip_tracking":false,"_monsterinsights_sitenote_active":false,"_monsterinsights_sitenote_note":"","_monsterinsights_sitenote_category":0},"product_brand":[],"product_cat":[82],"product_tag":[],"class_list":{"0":"post-16009","1":"product","2":"type-product","3":"status-publish","4":"has-post-thumbnail","6":"product_cat-dekoracje","8":"first","9":"instock","10":"shipping-taxable","11":"purchasable","12":"product-type-redq_rental"},"aioseo_notices":[],"_links":{"self":[{"href":"https:\/\/magicznemomenty.pl\/sklep\/wp-json\/wp\/v2\/product\/16009","targetHints":{"allow":["GET"]}}],"collection":[{"href":"https:\/\/magicznemomenty.pl\/sklep\/wp-json\/wp\/v2\/product"}],"about":[{"href":"https:\/\/magicznemomenty.pl\/sklep\/wp-json\/wp\/v2\/types\/product"}],"replies":[{"embeddable":true,"href":"https:\/\/magicznemomenty.pl\/sklep\/wp-json\/wp\/v2\/comments?post=16009"}],"version-history":[{"count":2,"href":"https:\/\/magicznemomenty.pl\/sklep\/wp-json\/wp\/v2\/product\/16009\/revisions"}],"predecessor-version":[{"id":16959,"href":"https:\/\/magicznemomenty.pl\/sklep\/wp-json\/wp\/v2\/product\/16009\/revisions\/16959"}],"wp:featuredmedia":[{"embeddable":true,"href":"https:\/\/magicznemomenty.pl\/sklep\/wp-json\/wp\/v2\/media\/16010"}],"wp:attachment":[{"href":"https:\/\/magicznemomenty.pl\/sklep\/wp-json\/wp\/v2\/media?parent=16009"}],"wp:term":[{"taxonomy":"product_brand","embeddable":true,"href":"https:\/\/magicznemomenty.pl\/sklep\/wp-json\/wp\/v2\/product_brand?post=16009"},{"taxonomy":"product_cat","embeddable":true,"href":"https:\/\/magicznemomenty.pl\/sklep\/wp-json\/wp\/v2\/product_cat?post=16009"},{"taxonomy":"product_tag","embeddable":true,"href":"https:\/\/magicznemomenty.pl\/sklep\/wp-json\/wp\/v2\/product_tag?post=16009"}],"curies":[{"name":"wp","href":"https:\/\/api.w.org\/{rel}","templated":true}]}}