{"id":16014,"date":"2024-01-25T02:17:32","date_gmt":"2024-01-25T01:17:32","guid":{"rendered":"https:\/\/magicznemomenty.pl\/sklep\/?post_type=product&#038;p=16014"},"modified":"2026-04-09T05:56:32","modified_gmt":"2026-04-09T04:56:32","slug":"telefon-zyczen","status":"publish","type":"product","link":"https:\/\/magicznemomenty.pl\/sklep\/produkt\/telefon-zyczen\/","title":{"rendered":"Telefon \u017cycze\u0144 &#8211; ksi\u0119ga go\u015bci audio"},"content":{"rendered":"","protected":false},"excerpt":{"rendered":"<div class=\"xdj266r x11i5rnm xat24cr x1mh8g0r x1vvkbs x126k92a\">\n<div dir=\"auto\"><strong>Telefon \u017cycze\u0144<\/strong> (inaczej nazwany ksi\u0119ga go\u015bci audio) to bardzo prosta w obs\u0142udze atrakcja,<\/div>\n<div dir=\"auto\">polega na tym, \u017ce po podniesieniu s\u0142uchawki s\u0142ycha\u0107 w niej wcze\u015bniej przygotowan\u0105 przez Par\u0119 M\u0142od\u0105 wiadomo\u015b\u0107 g\u0142osow\u0105, na przyk\u0142ad:<\/div>\n<div dir=\"auto\"><\/div>\n<div dir=\"auto\"><em>&#8222;Cze\u015b\u0107! Tu Ola i Kamil. Nie mo\u017cemy rozmawia\u0107 bo w\u0142a\u015bnie bawimy si\u0119 na naszym weselu. Zostaw wiadomo\u015b\u0107 po sygnale. piip&#8221;<\/em><\/div>\n<div dir=\"auto\"><\/div>\n<div dir=\"auto\">Po us\u0142yszeniu piip go\u015b\u0107 weselny sk\u0142ada \u017cyczenia dla Pary M\u0142odej w formie wiadomo\u015bci g\u0142osowej.<\/div>\n<div dir=\"auto\"><\/div>\n<\/div>\n<div class=\"x11i5rnm xat24cr x1mh8g0r x1vvkbs xtlvy1s x126k92a\">\n<div dir=\"auto\">Po weselu zgrywamy wszystkie \u017cyczenia z telefonu i przekazujemy w formie plik\u00f3w audio.<\/div>\n<div dir=\"auto\"><\/div>\n<\/div>\n<div dir=\"auto\">Mo\u017cemy zaj\u0105\u0107 si\u0119 obr\u00f3bk\u0105 AUDIO tj. usuwanie szum\u00f3w, usuwanie krzyk\u00f3w dzieci itp. + 50 z\u0142\u00a0 (materia\u0142 gotowy w ci\u0105gu 14 dni)<\/div>\n<div dir=\"auto\"><\/div>\n<div dir=\"auto\"><strong>WYSY\u0141KA W DWIE STRONY ZAWARTA JEST W CENIE \ud83d\ude42<\/strong><\/div>\n","protected":false},"featured_media":16023,"comment_status":"open","ping_status":"closed","template":"","meta":{"_monsterinsights_skip_tracking":false,"_monsterinsights_sitenote_active":false,"_monsterinsights_sitenote_note":"","_monsterinsights_sitenote_category":0},"product_brand":[],"product_cat":[83],"product_tag":[],"class_list":{"0":"post-16014","1":"product","2":"type-product","3":"status-publish","4":"has-post-thumbnail","6":"product_cat-atrakcje-weselne","8":"first","9":"instock","10":"shipping-taxable","11":"purchasable","12":"product-type-redq_rental"},"aioseo_notices":[],"_links":{"self":[{"href":"https:\/\/magicznemomenty.pl\/sklep\/wp-json\/wp\/v2\/product\/16014","targetHints":{"allow":["GET"]}}],"collection":[{"href":"https:\/\/magicznemomenty.pl\/sklep\/wp-json\/wp\/v2\/product"}],"about":[{"href":"https:\/\/magicznemomenty.pl\/sklep\/wp-json\/wp\/v2\/types\/product"}],"replies":[{"embeddable":true,"href":"https:\/\/magicznemomenty.pl\/sklep\/wp-json\/wp\/v2\/comments?post=16014"}],"version-history":[{"count":4,"href":"https:\/\/magicznemomenty.pl\/sklep\/wp-json\/wp\/v2\/product\/16014\/revisions"}],"predecessor-version":[{"id":16297,"href":"https:\/\/magicznemomenty.pl\/sklep\/wp-json\/wp\/v2\/product\/16014\/revisions\/16297"}],"wp:featuredmedia":[{"embeddable":true,"href":"https:\/\/magicznemomenty.pl\/sklep\/wp-json\/wp\/v2\/media\/16023"}],"wp:attachment":[{"href":"https:\/\/magicznemomenty.pl\/sklep\/wp-json\/wp\/v2\/media?parent=16014"}],"wp:term":[{"taxonomy":"product_brand","embeddable":true,"href":"https:\/\/magicznemomenty.pl\/sklep\/wp-json\/wp\/v2\/product_brand?post=16014"},{"taxonomy":"product_cat","embeddable":true,"href":"https:\/\/magicznemomenty.pl\/sklep\/wp-json\/wp\/v2\/product_cat?post=16014"},{"taxonomy":"product_tag","embeddable":true,"href":"https:\/\/magicznemomenty.pl\/sklep\/wp-json\/wp\/v2\/product_tag?post=16014"}],"curies":[{"name":"wp","href":"https:\/\/api.w.org\/{rel}","templated":true}]}}