{"id":16026,"date":"2024-01-25T02:36:42","date_gmt":"2024-01-25T01:36:42","guid":{"rendered":"https:\/\/magicznemomenty.pl\/sklep\/?post_type=product&#038;p=16026"},"modified":"2025-07-22T12:39:47","modified_gmt":"2025-07-22T11:39:47","slug":"luk-weselny-z-dekoracja","status":"publish","type":"product","link":"https:\/\/magicznemomenty.pl\/sklep\/produkt\/luk-weselny-z-dekoracja\/","title":{"rendered":"\u0141uk weselny z dekoracj\u0105"},"content":{"rendered":"","protected":false},"excerpt":{"rendered":"<p>Wymiary podane na zdj\u0119ciu.<\/p>\n<p>Dekoracja jest opcj\u0105 dodatkow\u0105 (zaznacz poni\u017cej) &#8211; widoczna na zdj\u0119ciu &#8211; tiul oraz sztuczne kwiaty, do wyboru bia\u0142e lub kolorowe.<\/p>\n<p>Idealnie zgrywa si\u0119 z naszymi ledonami \ud83d\ude42<\/p>\n<p>&nbsp;<\/p>\n","protected":false},"featured_media":16768,"comment_status":"open","ping_status":"closed","template":"","meta":{"_monsterinsights_skip_tracking":false,"_monsterinsights_sitenote_active":false,"_monsterinsights_sitenote_note":"","_monsterinsights_sitenote_category":0},"product_brand":[],"product_cat":[82,76],"product_tag":[78,77],"class_list":{"0":"post-16026","1":"product","2":"type-product","3":"status-publish","4":"has-post-thumbnail","6":"product_cat-dekoracje","7":"product_cat-ledony","8":"product_tag-ledon","9":"product_tag-wynajem","11":"first","12":"instock","13":"shipping-taxable","14":"purchasable","15":"product-type-redq_rental"},"aioseo_notices":[],"_links":{"self":[{"href":"https:\/\/magicznemomenty.pl\/sklep\/wp-json\/wp\/v2\/product\/16026","targetHints":{"allow":["GET"]}}],"collection":[{"href":"https:\/\/magicznemomenty.pl\/sklep\/wp-json\/wp\/v2\/product"}],"about":[{"href":"https:\/\/magicznemomenty.pl\/sklep\/wp-json\/wp\/v2\/types\/product"}],"replies":[{"embeddable":true,"href":"https:\/\/magicznemomenty.pl\/sklep\/wp-json\/wp\/v2\/comments?post=16026"}],"version-history":[{"count":3,"href":"https:\/\/magicznemomenty.pl\/sklep\/wp-json\/wp\/v2\/product\/16026\/revisions"}],"predecessor-version":[{"id":18462,"href":"https:\/\/magicznemomenty.pl\/sklep\/wp-json\/wp\/v2\/product\/16026\/revisions\/18462"}],"wp:featuredmedia":[{"embeddable":true,"href":"https:\/\/magicznemomenty.pl\/sklep\/wp-json\/wp\/v2\/media\/16768"}],"wp:attachment":[{"href":"https:\/\/magicznemomenty.pl\/sklep\/wp-json\/wp\/v2\/media?parent=16026"}],"wp:term":[{"taxonomy":"product_brand","embeddable":true,"href":"https:\/\/magicznemomenty.pl\/sklep\/wp-json\/wp\/v2\/product_brand?post=16026"},{"taxonomy":"product_cat","embeddable":true,"href":"https:\/\/magicznemomenty.pl\/sklep\/wp-json\/wp\/v2\/product_cat?post=16026"},{"taxonomy":"product_tag","embeddable":true,"href":"https:\/\/magicznemomenty.pl\/sklep\/wp-json\/wp\/v2\/product_tag?post=16026"}],"curies":[{"name":"wp","href":"https:\/\/api.w.org\/{rel}","templated":true}]}}