{"id":16103,"date":"2024-01-29T13:29:50","date_gmt":"2024-01-29T12:29:50","guid":{"rendered":"https:\/\/magicznemomenty.pl\/sklep\/?post_type=product&#038;p=16103"},"modified":"2024-11-13T14:15:46","modified_gmt":"2024-11-13T13:15:46","slug":"zestaw-dekoracji-do-kosciola","status":"publish","type":"product","link":"https:\/\/magicznemomenty.pl\/sklep\/produkt\/zestaw-dekoracji-do-kosciola\/","title":{"rendered":"Zestaw dekoracji do ko\u015bcio\u0142a"},"content":{"rendered":"","protected":false},"excerpt":{"rendered":"<p>Prezentujemy Pa\u0144stwu zestaw dekoracji ko\u015bcio\u0142a kt\u00f3re z pewno\u015bci\u0105 przydadz\u0105 si\u0119 Pa\u0144stwu na swojej uroczysto\u015bci !<\/p>\n<p>Zestaw sk\u0142ada si\u0119 z :<\/p>\n<ul>\n<li>Latarnia 6 szt<\/li>\n<li>Tiul na \u0142awki<\/li>\n<li>Z\u0142ote klamerki na tiul<\/li>\n<li>Bia\u0142y dywan PREMIUM 25 metr\u00f3w<\/li>\n<li>Tabliczki hymmn o mi\u0142o\u015bci 16 szt<\/li>\n<li>4 bia\u0142e pokrowce na krzes\u0142a<\/li>\n<\/ul>\n","protected":false},"featured_media":16104,"comment_status":"open","ping_status":"closed","template":"","meta":{"_monsterinsights_skip_tracking":false,"_monsterinsights_sitenote_active":false,"_monsterinsights_sitenote_note":"","_monsterinsights_sitenote_category":0},"product_brand":[],"product_cat":[82,79,81],"product_tag":[],"class_list":{"0":"post-16103","1":"product","2":"type-product","3":"status-publish","4":"has-post-thumbnail","6":"product_cat-dekoracje","7":"product_cat-dywany","8":"product_cat-zestawy-slubne","10":"first","11":"instock","12":"shipping-taxable","13":"purchasable","14":"product-type-redq_rental"},"aioseo_notices":[],"_links":{"self":[{"href":"https:\/\/magicznemomenty.pl\/sklep\/wp-json\/wp\/v2\/product\/16103","targetHints":{"allow":["GET"]}}],"collection":[{"href":"https:\/\/magicznemomenty.pl\/sklep\/wp-json\/wp\/v2\/product"}],"about":[{"href":"https:\/\/magicznemomenty.pl\/sklep\/wp-json\/wp\/v2\/types\/product"}],"replies":[{"embeddable":true,"href":"https:\/\/magicznemomenty.pl\/sklep\/wp-json\/wp\/v2\/comments?post=16103"}],"version-history":[{"count":2,"href":"https:\/\/magicznemomenty.pl\/sklep\/wp-json\/wp\/v2\/product\/16103\/revisions"}],"predecessor-version":[{"id":16794,"href":"https:\/\/magicznemomenty.pl\/sklep\/wp-json\/wp\/v2\/product\/16103\/revisions\/16794"}],"wp:featuredmedia":[{"embeddable":true,"href":"https:\/\/magicznemomenty.pl\/sklep\/wp-json\/wp\/v2\/media\/16104"}],"wp:attachment":[{"href":"https:\/\/magicznemomenty.pl\/sklep\/wp-json\/wp\/v2\/media?parent=16103"}],"wp:term":[{"taxonomy":"product_brand","embeddable":true,"href":"https:\/\/magicznemomenty.pl\/sklep\/wp-json\/wp\/v2\/product_brand?post=16103"},{"taxonomy":"product_cat","embeddable":true,"href":"https:\/\/magicznemomenty.pl\/sklep\/wp-json\/wp\/v2\/product_cat?post=16103"},{"taxonomy":"product_tag","embeddable":true,"href":"https:\/\/magicznemomenty.pl\/sklep\/wp-json\/wp\/v2\/product_tag?post=16103"}],"curies":[{"name":"wp","href":"https:\/\/api.w.org\/{rel}","templated":true}]}}