{"id":17138,"date":"2024-07-09T14:52:52","date_gmt":"2024-07-09T13:52:52","guid":{"rendered":"https:\/\/magicznemomenty.pl\/sklep\/?post_type=product&#038;p=17138"},"modified":"2024-07-09T15:12:07","modified_gmt":"2024-07-09T14:12:07","slug":"fontanny-iskier-wewnetrzne-bazzapachowe","status":"publish","type":"product","link":"https:\/\/magicznemomenty.pl\/sklep\/produkt\/fontanny-iskier-wewnetrzne-bazzapachowe\/","title":{"rendered":"Fontanny iskier 2 metry wewn\u0119trzne\/zewn\u0119trzne bezzapachowe"},"content":{"rendered":"<p>Idealnie dobrana zawarto\u015b\u0107 mieszaniny prochowej gwarantuje g\u0119st\u0105 <strong>fontann\u0119<\/strong>\u00a0<strong>iskier\u00a0<\/strong>o \u0142adnej barwie<strong>,\u00a0<\/strong>wyrzucan\u0105 na ok.<strong> 2 metry.<\/strong><\/p>\n<ul>\n<li>wysoko\u015b\u0107 iskier &#8211;\u00a0<strong>do 2 metr\u00f3w<\/strong><\/li>\n<li>czas dzia\u0142ania &#8211;\u00a0<strong>ok. 30\/50 sekund<\/strong> (zale\u017cy od wybranego naboju)<\/li>\n<li>idealnie sprawdzaj\u0105 si\u0119 do<strong> pierwszego ta\u0144ca <\/strong>lub do<strong> tortu na weselu<br \/>\n<\/strong><\/li>\n<\/ul>\n<p><strong>Fontanny iskier<\/strong> zwane inaczej <strong>wyrzutnie iskier<\/strong>, <strong>wytwornice iskier<\/strong>, <strong>wytwornice zimnych iskier<\/strong>, <strong>wyrzutnie zimnych iskier<\/strong>, <strong>pirotechnika sceniczna<\/strong>, <strong>pirotechnika estradowa, fontanny sceniczne, fontanny estradowe<\/strong>.<\/p>\n","protected":false},"excerpt":{"rendered":"<p>Kurierem wysy\u0142amy do Pa\u0144stwa zapalniki wraz z wk\u0142adami i dok\u0142adn\u0105 instrukcj\u0119 jak nale\u017cy przygotowa\u0107 wystrza\u0142. Wszystko jest bardzo \u0142atwe &#8211; wyrzutnie uruchamiamy przyciskiem z pilota. Zapalniki nale\u017cy do nas odes\u0142a\u0107 (wysy\u0142ka w obie strony w cenie, my dajemy Pa\u0144stwu etykiet\u0119 zwrotn\u0105).<\/p>\n<p>Cena zawiera:<br \/>\n&#8211; zapalnik<br \/>\n&#8211; pilot<br \/>\n&#8211; nab\u00f3j (do wyboru 30 lub 50 sekund)<\/p>\n","protected":false},"featured_media":17141,"comment_status":"open","ping_status":"closed","template":"","meta":{"_monsterinsights_skip_tracking":false,"_monsterinsights_sitenote_active":false,"_monsterinsights_sitenote_note":"","_monsterinsights_sitenote_category":0},"product_brand":[],"product_cat":[96,84],"product_tag":[98,97],"class_list":{"0":"post-17138","1":"product","2":"type-product","3":"status-publish","4":"has-post-thumbnail","6":"product_cat-pirotechnika","7":"product_cat-wypozyczalnia","8":"product_tag-fontanny","9":"product_tag-iskry","11":"first","12":"instock","13":"shipping-taxable","14":"purchasable","15":"product-type-redq_rental"},"aioseo_notices":[],"_links":{"self":[{"href":"https:\/\/magicznemomenty.pl\/sklep\/wp-json\/wp\/v2\/product\/17138","targetHints":{"allow":["GET"]}}],"collection":[{"href":"https:\/\/magicznemomenty.pl\/sklep\/wp-json\/wp\/v2\/product"}],"about":[{"href":"https:\/\/magicznemomenty.pl\/sklep\/wp-json\/wp\/v2\/types\/product"}],"replies":[{"embeddable":true,"href":"https:\/\/magicznemomenty.pl\/sklep\/wp-json\/wp\/v2\/comments?post=17138"}],"version-history":[{"count":4,"href":"https:\/\/magicznemomenty.pl\/sklep\/wp-json\/wp\/v2\/product\/17138\/revisions"}],"predecessor-version":[{"id":17151,"href":"https:\/\/magicznemomenty.pl\/sklep\/wp-json\/wp\/v2\/product\/17138\/revisions\/17151"}],"wp:featuredmedia":[{"embeddable":true,"href":"https:\/\/magicznemomenty.pl\/sklep\/wp-json\/wp\/v2\/media\/17141"}],"wp:attachment":[{"href":"https:\/\/magicznemomenty.pl\/sklep\/wp-json\/wp\/v2\/media?parent=17138"}],"wp:term":[{"taxonomy":"product_brand","embeddable":true,"href":"https:\/\/magicznemomenty.pl\/sklep\/wp-json\/wp\/v2\/product_brand?post=17138"},{"taxonomy":"product_cat","embeddable":true,"href":"https:\/\/magicznemomenty.pl\/sklep\/wp-json\/wp\/v2\/product_cat?post=17138"},{"taxonomy":"product_tag","embeddable":true,"href":"https:\/\/magicznemomenty.pl\/sklep\/wp-json\/wp\/v2\/product_tag?post=17138"}],"curies":[{"name":"wp","href":"https:\/\/api.w.org\/{rel}","templated":true}]}}