{"id":17309,"date":"2024-08-22T20:25:39","date_gmt":"2024-08-22T19:25:39","guid":{"rendered":"https:\/\/magicznemomenty.pl\/sklep\/?post_type=product&#038;p=17309"},"modified":"2025-07-17T13:49:04","modified_gmt":"2025-07-17T12:49:04","slug":"napis-led-milosc-mojego-zycia","status":"publish","type":"product","link":"https:\/\/magicznemomenty.pl\/sklep\/produkt\/napis-led-milosc-mojego-zycia\/","title":{"rendered":"Napis LED &#8222;Mi\u0142o\u015b\u0107 mojego \u017cycia&#8221;"},"content":{"rendered":"<p>Barwa: ciep\u0142y bia\u0142y<\/p>\n<p>Rozmiar napisu: 100&#215;57 cm<\/p>\n<p>Waga napisu: 1 kg<\/p>\n<p>Materia\u0142: Poliw\u0119glan<\/p>\n<p>D\u0142ugo\u015b\u0107 przewodu zasilaj\u0105cego: ok. 145 cm<\/p>\n","protected":false},"excerpt":{"rendered":"<p>Prezentujemy Pa\u0144stwu wyj\u0105tkowy napis led (ledon) o tre\u015bci mi\u0142o\u015b\u0107 kt\u00f3ry u\u015bwietni ka\u017cd\u0105 uroczysto\u015b\u0107.<\/p>\n<p>&nbsp;<\/p>\n","protected":false},"featured_media":17767,"comment_status":"open","ping_status":"closed","template":"","meta":{"_monsterinsights_skip_tracking":false,"_monsterinsights_sitenote_active":false,"_monsterinsights_sitenote_note":"","_monsterinsights_sitenote_category":0},"product_brand":[],"product_cat":[76,84],"product_tag":[78,77],"class_list":{"0":"post-17309","1":"product","2":"type-product","3":"status-publish","4":"has-post-thumbnail","6":"product_cat-ledony","7":"product_cat-wypozyczalnia","8":"product_tag-ledon","9":"product_tag-wynajem","11":"first","12":"instock","13":"shipping-taxable","14":"purchasable","15":"product-type-redq_rental"},"aioseo_notices":[],"_links":{"self":[{"href":"https:\/\/magicznemomenty.pl\/sklep\/wp-json\/wp\/v2\/product\/17309","targetHints":{"allow":["GET"]}}],"collection":[{"href":"https:\/\/magicznemomenty.pl\/sklep\/wp-json\/wp\/v2\/product"}],"about":[{"href":"https:\/\/magicznemomenty.pl\/sklep\/wp-json\/wp\/v2\/types\/product"}],"replies":[{"embeddable":true,"href":"https:\/\/magicznemomenty.pl\/sklep\/wp-json\/wp\/v2\/comments?post=17309"}],"version-history":[{"count":3,"href":"https:\/\/magicznemomenty.pl\/sklep\/wp-json\/wp\/v2\/product\/17309\/revisions"}],"predecessor-version":[{"id":18434,"href":"https:\/\/magicznemomenty.pl\/sklep\/wp-json\/wp\/v2\/product\/17309\/revisions\/18434"}],"wp:featuredmedia":[{"embeddable":true,"href":"https:\/\/magicznemomenty.pl\/sklep\/wp-json\/wp\/v2\/media\/17767"}],"wp:attachment":[{"href":"https:\/\/magicznemomenty.pl\/sklep\/wp-json\/wp\/v2\/media?parent=17309"}],"wp:term":[{"taxonomy":"product_brand","embeddable":true,"href":"https:\/\/magicznemomenty.pl\/sklep\/wp-json\/wp\/v2\/product_brand?post=17309"},{"taxonomy":"product_cat","embeddable":true,"href":"https:\/\/magicznemomenty.pl\/sklep\/wp-json\/wp\/v2\/product_cat?post=17309"},{"taxonomy":"product_tag","embeddable":true,"href":"https:\/\/magicznemomenty.pl\/sklep\/wp-json\/wp\/v2\/product_tag?post=17309"}],"curies":[{"name":"wp","href":"https:\/\/api.w.org\/{rel}","templated":true}]}}