{"id":17321,"date":"2024-08-27T12:28:04","date_gmt":"2024-08-27T11:28:04","guid":{"rendered":"https:\/\/magicznemomenty.pl\/sklep\/?post_type=product&#038;p=17321"},"modified":"2025-07-17T13:51:54","modified_gmt":"2025-07-17T12:51:54","slug":"napis-led-18-osiemnastka","status":"publish","type":"product","link":"https:\/\/magicznemomenty.pl\/sklep\/produkt\/napis-led-18-osiemnastka\/","title":{"rendered":"Napis LED &#8222;18&#8221; Osiemnastka"},"content":{"rendered":"<p>Barwa: ciep\u0142y bia\u0142y<\/p>\n<p>Rozmiar napisu: 100&#215;80 cm<\/p>\n<p>Waga napisu: 1 kg<\/p>\n<p>Materia\u0142: Poliw\u0119glan<\/p>\n<p>D\u0142ugo\u015b\u0107 przewodu zasilaj\u0105cego: ok. 145 cm<\/p>\n","protected":false},"excerpt":{"rendered":"<p>Prezentujemy Pa\u0144stwu wyj\u0105tkowy napis led (ledon) o tre\u015bci &#8222;18&#8221; kt\u00f3ry u\u015bwietni ka\u017cd\u0105 osiemnastk\u0119.<\/p>\n","protected":false},"featured_media":17322,"comment_status":"open","ping_status":"closed","template":"","meta":{"_monsterinsights_skip_tracking":false,"_monsterinsights_sitenote_active":false,"_monsterinsights_sitenote_note":"","_monsterinsights_sitenote_category":0},"product_brand":[],"product_cat":[76,84],"product_tag":[78,77],"class_list":{"0":"post-17321","1":"product","2":"type-product","3":"status-publish","4":"has-post-thumbnail","6":"product_cat-ledony","7":"product_cat-wypozyczalnia","8":"product_tag-ledon","9":"product_tag-wynajem","11":"first","12":"instock","13":"shipping-taxable","14":"purchasable","15":"product-type-redq_rental"},"aioseo_notices":[],"_links":{"self":[{"href":"https:\/\/magicznemomenty.pl\/sklep\/wp-json\/wp\/v2\/product\/17321","targetHints":{"allow":["GET"]}}],"collection":[{"href":"https:\/\/magicznemomenty.pl\/sklep\/wp-json\/wp\/v2\/product"}],"about":[{"href":"https:\/\/magicznemomenty.pl\/sklep\/wp-json\/wp\/v2\/types\/product"}],"replies":[{"embeddable":true,"href":"https:\/\/magicznemomenty.pl\/sklep\/wp-json\/wp\/v2\/comments?post=17321"}],"version-history":[{"count":4,"href":"https:\/\/magicznemomenty.pl\/sklep\/wp-json\/wp\/v2\/product\/17321\/revisions"}],"predecessor-version":[{"id":18441,"href":"https:\/\/magicznemomenty.pl\/sklep\/wp-json\/wp\/v2\/product\/17321\/revisions\/18441"}],"wp:featuredmedia":[{"embeddable":true,"href":"https:\/\/magicznemomenty.pl\/sklep\/wp-json\/wp\/v2\/media\/17322"}],"wp:attachment":[{"href":"https:\/\/magicznemomenty.pl\/sklep\/wp-json\/wp\/v2\/media?parent=17321"}],"wp:term":[{"taxonomy":"product_brand","embeddable":true,"href":"https:\/\/magicznemomenty.pl\/sklep\/wp-json\/wp\/v2\/product_brand?post=17321"},{"taxonomy":"product_cat","embeddable":true,"href":"https:\/\/magicznemomenty.pl\/sklep\/wp-json\/wp\/v2\/product_cat?post=17321"},{"taxonomy":"product_tag","embeddable":true,"href":"https:\/\/magicznemomenty.pl\/sklep\/wp-json\/wp\/v2\/product_tag?post=17321"}],"curies":[{"name":"wp","href":"https:\/\/api.w.org\/{rel}","templated":true}]}}