{"id":17454,"date":"2024-10-29T21:06:24","date_gmt":"2024-10-29T20:06:24","guid":{"rendered":"https:\/\/magicznemomenty.pl\/sklep\/?post_type=product&#038;p=17454"},"modified":"2025-02-27T19:26:01","modified_gmt":"2025-02-27T18:26:01","slug":"palki-iskier-reczne-fontanny-iskier","status":"publish","type":"product","link":"https:\/\/magicznemomenty.pl\/sklep\/produkt\/palki-iskier-reczne-fontanny-iskier\/","title":{"rendered":"Pa\u0142ki iskier &#8211; r\u0119czne fontanny iskier"},"content":{"rendered":"<p>Kurierem wysy\u0142amy do Pa\u0144stwa pa\u0142ki wraz z wk\u0142adami i dok\u0142adn\u0105 instrukcj\u0119 jak nale\u017cy przygotowa\u0107 wystrza\u0142. Wszystko jest bardzo \u0142atwe &#8211; wyrzutnie uruchamiamy przyciskiem. Pa\u0142ki nale\u017cy do nas odes\u0142a\u0107 (wysy\u0142ka w obie strony w cenie, my dajemy Pa\u0144stwu etykiet\u0119 zwrotn\u0105).<\/p>\n<p>Cena zawiera:<br \/>\n&#8211; pa\u0142ka<br \/>\n&#8211; wybrany nab\u00f3j<br \/>\n&#8211; wysy\u0142k\u0119 w dwie strony<\/p>\n","protected":false},"excerpt":{"rendered":"<p>Pa\u0142ka iskier jest to wyrzutnia iskier, kt\u00f3r\u0105 mo\u017cna bezpiecznie odpali\u0107 w r\u0119ce. Dzi\u0119ki temu mo\u017cemy j\u0105 wykorzysta\u0107 np. do zrobienia szpaleru podczas wyj\u015bcia Pary M\u0142odej lub do oprawy tortu.<\/p>\n<ul>\n<li>wysoko\u015b\u0107 iskier &#8211;\u00a0do wyboru &#8211;<strong> do 2 lub 3 metr\u00f3w\u00a0<\/strong><\/li>\n<li>czas dzia\u0142ania &#8211;\u00a0<strong>30 lub 50 sec.<\/strong><\/li>\n<li>idealnie sprawdzaj\u0105 si\u0119 do<strong> szpaleru <\/strong>lub do<strong> tortu na weselu<br \/>\n<\/strong><\/li>\n<\/ul>\n<p><strong>Pa\u0142ki iskier<\/strong> zwane inaczej <strong>wyrzutnie iskier<\/strong>, <strong>wytwornice iskier<\/strong>, <strong>wytwornice zimnych iskier<\/strong>, <strong>wyrzutnie zimnych iskier<\/strong>, <strong>pirotechnika sceniczna<\/strong>, <strong>pirotechnika estradowa, fontanny sceniczne, fontanny estradowe<\/strong>.<\/p>\n<p>Standardowa opcja 2 metry 30 sekund. Interesuje Ci\u0119 inny wariant? Wybierz poni\u017cej.<\/p>\n","protected":false},"featured_media":17456,"comment_status":"open","ping_status":"closed","template":"","meta":{"_monsterinsights_skip_tracking":false,"_monsterinsights_sitenote_active":false,"_monsterinsights_sitenote_note":"","_monsterinsights_sitenote_category":0},"product_brand":[],"product_cat":[96,84],"product_tag":[98,97],"class_list":{"0":"post-17454","1":"product","2":"type-product","3":"status-publish","4":"has-post-thumbnail","6":"product_cat-pirotechnika","7":"product_cat-wypozyczalnia","8":"product_tag-fontanny","9":"product_tag-iskry","11":"first","12":"instock","13":"shipping-taxable","14":"purchasable","15":"product-type-redq_rental"},"aioseo_notices":[],"_links":{"self":[{"href":"https:\/\/magicznemomenty.pl\/sklep\/wp-json\/wp\/v2\/product\/17454","targetHints":{"allow":["GET"]}}],"collection":[{"href":"https:\/\/magicznemomenty.pl\/sklep\/wp-json\/wp\/v2\/product"}],"about":[{"href":"https:\/\/magicznemomenty.pl\/sklep\/wp-json\/wp\/v2\/types\/product"}],"replies":[{"embeddable":true,"href":"https:\/\/magicznemomenty.pl\/sklep\/wp-json\/wp\/v2\/comments?post=17454"}],"version-history":[{"count":10,"href":"https:\/\/magicznemomenty.pl\/sklep\/wp-json\/wp\/v2\/product\/17454\/revisions"}],"predecessor-version":[{"id":17615,"href":"https:\/\/magicznemomenty.pl\/sklep\/wp-json\/wp\/v2\/product\/17454\/revisions\/17615"}],"wp:featuredmedia":[{"embeddable":true,"href":"https:\/\/magicznemomenty.pl\/sklep\/wp-json\/wp\/v2\/media\/17456"}],"wp:attachment":[{"href":"https:\/\/magicznemomenty.pl\/sklep\/wp-json\/wp\/v2\/media?parent=17454"}],"wp:term":[{"taxonomy":"product_brand","embeddable":true,"href":"https:\/\/magicznemomenty.pl\/sklep\/wp-json\/wp\/v2\/product_brand?post=17454"},{"taxonomy":"product_cat","embeddable":true,"href":"https:\/\/magicznemomenty.pl\/sklep\/wp-json\/wp\/v2\/product_cat?post=17454"},{"taxonomy":"product_tag","embeddable":true,"href":"https:\/\/magicznemomenty.pl\/sklep\/wp-json\/wp\/v2\/product_tag?post=17454"}],"curies":[{"name":"wp","href":"https:\/\/api.w.org\/{rel}","templated":true}]}}