{"id":17625,"date":"2025-02-25T09:59:18","date_gmt":"2025-02-25T08:59:18","guid":{"rendered":"https:\/\/magicznemomenty.pl\/sklep\/?post_type=product&#038;p=17625"},"modified":"2025-02-27T19:03:52","modified_gmt":"2025-02-27T18:03:52","slug":"maszyna-do-baniek-mydlanych-z-dymem","status":"publish","type":"product","link":"https:\/\/magicznemomenty.pl\/sklep\/produkt\/maszyna-do-baniek-mydlanych-z-dymem\/","title":{"rendered":"Maszyna do baniek mydlanych \/ z dymem"},"content":{"rendered":"<div class=\"mpof_ki myre_zn myre_8v_l m389_6m_l\">\n<div class=\"mp4t_16_s mryx_16_s mr3m_1 mli2_1 mh85_56 mh85_0_l\">\n<div class=\"mgn2_16 _0d3bd_am0a-\">\n<h1>Wytwornica baniek mydlanych z dymem<\/h1>\n<ul>\n<li>Efektowne pod\u015bwietlenie LED: nasza wytwornica wyr\u00f3\u017cnia si\u0119 12 diodami RGB, kt\u00f3re doskonale podkre\u015blaj\u0105 powstaj\u0105ce efekty dymu i baniek mydlanych, dodaj\u0105c im niezapomnianego blasku i magii<\/li>\n<li>Elastyczne tryby pracy: wytwornica oferuje r\u00f3\u017cnorodne tryby pracy, w tym automatyczny, DMX512 i sterowanie pilotem, co sprawia, \u017ce jest idealnym rozwi\u0105zaniem zar\u00f3wno dla profesjonalist\u00f3w, jak i os\u00f3b poszukuj\u0105cych prostego w obs\u0142udze sprz\u0119tu.<\/li>\n<li>Doskona\u0142e dla r\u00f3\u017cnych event\u00f3w: Niezale\u017cnie od tego, czy organizujesz wesele, studni\u00f3wk\u0119, imprez\u0119 taneczn\u0105 czy koncert, wytwornica \u015bwietnie sprawdzi si\u0119 jako element atmosferyczny, dodaj\u0105c unikalnego charakteru i uroku ka\u017cdej okazji.<\/li>\n<li>Zestaw startowy: W komplecie z wytwornic\u0105 dymu i baniek znajduje si\u0119 wszystko, czego potrzebujesz do natychmiastowego rozpocz\u0119cia pracy, w\u0142\u0105czaj\u0105c w to pilota przewodowego i bezprzewodowego, uchwyt monta\u017cowy oraz instrukcj\u0119 obs\u0142ugi, co sprawia, \u017ce korzystanie z urz\u0105dzenia jest proste i przyjemne.<\/li>\n<\/ul>\n<p><b>Poznaj wytwornic\u0119 baniek!<\/b><\/p>\n<p>Wysokowydajna wytwornica dymu i baniek mydlanych z efektownym pod\u015bwietleniem LED. Maszyna \u015bwietnie sprawdza si\u0119 podczas r\u00f3\u017cnego typu event\u00f3w, tworz\u0105c jednocze\u015bnie ba\u0144ki mydlane wype\u0142nione dymem oraz mg\u0142\u0119 uwidaczniaj\u0105c\u0105 promienie \u015bwiat\u0142a z reflektor\u00f3w. Efekty mog\u0105 by\u0107 r\u00f3wnie\u017c stosowane oddzielnie, co daje du\u017c\u0105 elastyczno\u015b\u0107 podczas pracy. Urz\u0105dzenie zosta\u0142o dodatkowo wyposa\u017cone w 12 diod LED RGB. Diody s\u0105 umieszczone pod dyszami, wi\u0119c doskonale pod\u015bwietlaj\u0105 powstaj\u0105cy efekt.<\/p>\n<\/div>\n<\/div>\n<\/div>\n<div class=\"mpof_ki myre_zn myre_8v_l m389_6m_l\">\n<div class=\"mp4t_16_s mryx_16_s mr3m_1 mli2_1 mh85_56 mh85_0_l\">\n<div class=\"mgn2_16 _0d3bd_am0a-\">\n<p><b>Odkryj tajemnic\u0119 \u015bwietnego klimatu na weselu dzi\u0119ki wytwornicy baniek mydlanych z dymem!<\/b><\/p>\n<p>Wytwornica dymu i baniek to \u015bwietne rozwi\u0105zanie na wesela, studni\u00f3wki, 18-nastki, imprezy taneczne i r\u00f3\u017cnego typu eventy. Tworzy radosny i niezapomniany klimat oraz w efektowny spos\u00f3b podkre\u015bla\u0142a charakter wydarzenia.<\/p>\n<\/div>\n<\/div>\n<\/div>\n<div class=\"mpof_ki myre_zn myre_8v_l m389_6m_l\">\n<div class=\"mp4t_16_s mryx_16_s mr3m_1 mli2_1 mh85_56 mh85_0_l\">\n<div class=\"mgn2_16 _0d3bd_am0a-\">\n<p><b>Specyfikacja:<\/b><\/p>\n<ul>\n<li>Typ: Wytwornica dymu\/mg\u0142y + baniek<\/li>\n<li>LED: 12x3W RGB (3w1)<\/li>\n<li>Tryby pracy: sterowanie pilotem<\/li>\n<li>Zasilanie: AC220-240V, 50\/60 Hz<\/li>\n<li>Bezpiecznik: 5A<\/li>\n<li>Zu\u017cycie energii: 900W<\/li>\n<li>Wymiary: 50 x 27 x 24 cm<\/li>\n<li>Waga: 6,6 kg<\/li>\n<li>W zestawie: Wytwornica dymu\/baniek, pilot<\/li>\n<\/ul>\n<\/div>\n<\/div>\n<\/div>\n","protected":false},"excerpt":{"rendered":"<p>Maszyna do baniek:<br \/>\nKlasyczna (same ba\u0144ki): 250 z\u0142<br \/>\nKlasyczna + dym (ba\u0144ki z dymem w \u015brodku): 350 z\u0142<\/p>\n<p>Cena zawiera wysy\u0142k\u0119 w 2 strony oraz niezb\u0119dne p\u0142yny.<br \/>\nMaszyn\u0119 wysy\u0142amy we wtorek przed uroczysto\u015bci\u0105, zwrot nast\u0119puje we wtorek po uroczysto\u015bci.<\/p>\n","protected":false},"featured_media":17631,"comment_status":"open","ping_status":"closed","template":"","meta":{"_monsterinsights_skip_tracking":false,"_monsterinsights_sitenote_active":false,"_monsterinsights_sitenote_note":"","_monsterinsights_sitenote_category":0},"product_brand":[],"product_cat":[83,84],"product_tag":[],"class_list":{"0":"post-17625","1":"product","2":"type-product","3":"status-publish","4":"has-post-thumbnail","6":"product_cat-atrakcje-weselne","7":"product_cat-wypozyczalnia","9":"first","10":"instock","11":"shipping-taxable","12":"purchasable","13":"product-type-redq_rental"},"aioseo_notices":[],"_links":{"self":[{"href":"https:\/\/magicznemomenty.pl\/sklep\/wp-json\/wp\/v2\/product\/17625","targetHints":{"allow":["GET"]}}],"collection":[{"href":"https:\/\/magicznemomenty.pl\/sklep\/wp-json\/wp\/v2\/product"}],"about":[{"href":"https:\/\/magicznemomenty.pl\/sklep\/wp-json\/wp\/v2\/types\/product"}],"replies":[{"embeddable":true,"href":"https:\/\/magicznemomenty.pl\/sklep\/wp-json\/wp\/v2\/comments?post=17625"}],"version-history":[{"count":6,"href":"https:\/\/magicznemomenty.pl\/sklep\/wp-json\/wp\/v2\/product\/17625\/revisions"}],"predecessor-version":[{"id":17679,"href":"https:\/\/magicznemomenty.pl\/sklep\/wp-json\/wp\/v2\/product\/17625\/revisions\/17679"}],"wp:featuredmedia":[{"embeddable":true,"href":"https:\/\/magicznemomenty.pl\/sklep\/wp-json\/wp\/v2\/media\/17631"}],"wp:attachment":[{"href":"https:\/\/magicznemomenty.pl\/sklep\/wp-json\/wp\/v2\/media?parent=17625"}],"wp:term":[{"taxonomy":"product_brand","embeddable":true,"href":"https:\/\/magicznemomenty.pl\/sklep\/wp-json\/wp\/v2\/product_brand?post=17625"},{"taxonomy":"product_cat","embeddable":true,"href":"https:\/\/magicznemomenty.pl\/sklep\/wp-json\/wp\/v2\/product_cat?post=17625"},{"taxonomy":"product_tag","embeddable":true,"href":"https:\/\/magicznemomenty.pl\/sklep\/wp-json\/wp\/v2\/product_tag?post=17625"}],"curies":[{"name":"wp","href":"https:\/\/api.w.org\/{rel}","templated":true}]}}