{"id":17660,"date":"2025-02-27T18:59:22","date_gmt":"2025-02-27T17:59:22","guid":{"rendered":"https:\/\/magicznemomenty.pl\/sklep\/?post_type=product&#038;p=17660"},"modified":"2025-02-27T19:25:22","modified_gmt":"2025-02-27T18:25:22","slug":"pistolet-co2-wyrzutnia-dymu","status":"publish","type":"product","link":"https:\/\/magicznemomenty.pl\/sklep\/produkt\/pistolet-co2-wyrzutnia-dymu\/","title":{"rendered":"Pistolet CO2 &#8211; wyrzutnia dymu"},"content":{"rendered":"","protected":false},"excerpt":{"rendered":"<p>Pistolet na Co2 mo\u017cna wykorzysta\u0107 na swoim<br \/>\nweselu jako integracja z go\u015b\u0107mi weselnymi.<\/p>\n<p>Atrakcja polega na wystrzeleniu pod du\u017cym ci\u015bnieniem<br \/>\ndymu o temperaturze -80 stopni, co powoduje<br \/>\nzas\u0142on\u0119 dymn\u0105 i nag\u0142e och\u0142odzenie rozbawionych<br \/>\nimprezowicz\u00f3w.<\/p>\n<p>S\u0142upy dymne pojawiaj\u0105 si\u0119 one w u\u0142amku sekundy i osi\u0105gaj\u0105 wysoko\u015b\u0107 oko\u0142o<br \/>\n10 metr\u00f3w, po czym w kilka sekund znikaj\u0105<\/p>\n<p><em><strong>W zestawie brak butli CO2<\/strong><\/em><\/p>\n","protected":false},"featured_media":17661,"comment_status":"open","ping_status":"closed","template":"","meta":{"_monsterinsights_skip_tracking":false,"_monsterinsights_sitenote_active":false,"_monsterinsights_sitenote_note":"","_monsterinsights_sitenote_category":0},"product_brand":[],"product_cat":[83,84],"product_tag":[],"class_list":{"0":"post-17660","1":"product","2":"type-product","3":"status-publish","4":"has-post-thumbnail","6":"product_cat-atrakcje-weselne","7":"product_cat-wypozyczalnia","9":"first","10":"instock","11":"shipping-taxable","12":"purchasable","13":"product-type-redq_rental"},"aioseo_notices":[],"_links":{"self":[{"href":"https:\/\/magicznemomenty.pl\/sklep\/wp-json\/wp\/v2\/product\/17660","targetHints":{"allow":["GET"]}}],"collection":[{"href":"https:\/\/magicznemomenty.pl\/sklep\/wp-json\/wp\/v2\/product"}],"about":[{"href":"https:\/\/magicznemomenty.pl\/sklep\/wp-json\/wp\/v2\/types\/product"}],"replies":[{"embeddable":true,"href":"https:\/\/magicznemomenty.pl\/sklep\/wp-json\/wp\/v2\/comments?post=17660"}],"version-history":[{"count":5,"href":"https:\/\/magicznemomenty.pl\/sklep\/wp-json\/wp\/v2\/product\/17660\/revisions"}],"predecessor-version":[{"id":17671,"href":"https:\/\/magicznemomenty.pl\/sklep\/wp-json\/wp\/v2\/product\/17660\/revisions\/17671"}],"wp:featuredmedia":[{"embeddable":true,"href":"https:\/\/magicznemomenty.pl\/sklep\/wp-json\/wp\/v2\/media\/17661"}],"wp:attachment":[{"href":"https:\/\/magicznemomenty.pl\/sklep\/wp-json\/wp\/v2\/media?parent=17660"}],"wp:term":[{"taxonomy":"product_brand","embeddable":true,"href":"https:\/\/magicznemomenty.pl\/sklep\/wp-json\/wp\/v2\/product_brand?post=17660"},{"taxonomy":"product_cat","embeddable":true,"href":"https:\/\/magicznemomenty.pl\/sklep\/wp-json\/wp\/v2\/product_cat?post=17660"},{"taxonomy":"product_tag","embeddable":true,"href":"https:\/\/magicznemomenty.pl\/sklep\/wp-json\/wp\/v2\/product_tag?post=17660"}],"curies":[{"name":"wp","href":"https:\/\/api.w.org\/{rel}","templated":true}]}}