{"id":17830,"date":"2025-04-08T19:47:54","date_gmt":"2025-04-08T18:47:54","guid":{"rendered":"https:\/\/magicznemomenty.pl\/sklep\/?post_type=product&#038;p=17830"},"modified":"2026-03-23T17:11:31","modified_gmt":"2026-03-23T16:11:31","slug":"lustro-personalizowane-fajnie-ze-jestes","status":"publish","type":"product","link":"https:\/\/magicznemomenty.pl\/sklep\/produkt\/lustro-personalizowane-fajnie-ze-jestes\/","title":{"rendered":"Lustro personalizowane &#8222;Fajnie, \u017ce jeste\u015b&#8221;"},"content":{"rendered":"","protected":false},"excerpt":{"rendered":"<p>Lustro personalizowane &#8222;Fajnie, \u017ce jeste\u015b!&#8221;<\/p>\n<p>Wymiary 150&#215;50<\/p>\n<p>Z\u0142ote personalizowane lustro do robienia zdj\u0119\u0107.<br \/>\nLustro to mo\u017ce by\u0107 traktowane jako forma tablicy<br \/>\npowitalnej.<\/p>\n<p>Napisy na lustrze mog\u0105 by\u0107 dowolne &#8211; w cenie jest personalizacja<\/p>\n<p>Mo\u017cemy stworzy\u0107 personalizacj\u0119 na wesele<br \/>\nalbo na urodziny i ka\u017cd\u0105 dowoln\u0105 imprez\u0119<br \/>\nokoliczno\u015bciow\u0105.<\/p>\n<p>Cena zawiera wysy\u0142k\u0119 w 2 strony.<\/p>\n","protected":false},"featured_media":17831,"comment_status":"open","ping_status":"closed","template":"","meta":{"_monsterinsights_skip_tracking":false,"_monsterinsights_sitenote_active":false,"_monsterinsights_sitenote_note":"","_monsterinsights_sitenote_category":0},"product_brand":[],"product_cat":[83,82,84],"product_tag":[],"class_list":{"0":"post-17830","1":"product","2":"type-product","3":"status-publish","4":"has-post-thumbnail","6":"product_cat-atrakcje-weselne","7":"product_cat-dekoracje","8":"product_cat-wypozyczalnia","10":"first","11":"instock","12":"shipping-taxable","13":"purchasable","14":"product-type-redq_rental"},"aioseo_notices":[],"_links":{"self":[{"href":"https:\/\/magicznemomenty.pl\/sklep\/wp-json\/wp\/v2\/product\/17830","targetHints":{"allow":["GET"]}}],"collection":[{"href":"https:\/\/magicznemomenty.pl\/sklep\/wp-json\/wp\/v2\/product"}],"about":[{"href":"https:\/\/magicznemomenty.pl\/sklep\/wp-json\/wp\/v2\/types\/product"}],"replies":[{"embeddable":true,"href":"https:\/\/magicznemomenty.pl\/sklep\/wp-json\/wp\/v2\/comments?post=17830"}],"version-history":[{"count":2,"href":"https:\/\/magicznemomenty.pl\/sklep\/wp-json\/wp\/v2\/product\/17830\/revisions"}],"predecessor-version":[{"id":17840,"href":"https:\/\/magicznemomenty.pl\/sklep\/wp-json\/wp\/v2\/product\/17830\/revisions\/17840"}],"wp:featuredmedia":[{"embeddable":true,"href":"https:\/\/magicznemomenty.pl\/sklep\/wp-json\/wp\/v2\/media\/17831"}],"wp:attachment":[{"href":"https:\/\/magicznemomenty.pl\/sklep\/wp-json\/wp\/v2\/media?parent=17830"}],"wp:term":[{"taxonomy":"product_brand","embeddable":true,"href":"https:\/\/magicznemomenty.pl\/sklep\/wp-json\/wp\/v2\/product_brand?post=17830"},{"taxonomy":"product_cat","embeddable":true,"href":"https:\/\/magicznemomenty.pl\/sklep\/wp-json\/wp\/v2\/product_cat?post=17830"},{"taxonomy":"product_tag","embeddable":true,"href":"https:\/\/magicznemomenty.pl\/sklep\/wp-json\/wp\/v2\/product_tag?post=17830"}],"curies":[{"name":"wp","href":"https:\/\/api.w.org\/{rel}","templated":true}]}}