{"id":17888,"date":"2025-04-21T20:31:46","date_gmt":"2025-04-21T19:31:46","guid":{"rendered":"https:\/\/magicznemomenty.pl\/sklep\/?post_type=product&#038;p=17888"},"modified":"2025-04-21T21:25:18","modified_gmt":"2025-04-21T20:25:18","slug":"heksagon-weselny-z-dekoracja","status":"publish","type":"product","link":"https:\/\/magicznemomenty.pl\/sklep\/produkt\/heksagon-weselny-z-dekoracja\/","title":{"rendered":"Heksagon weselny z dekoracj\u0105"},"content":{"rendered":"<p>Stojak sk\u0142ada si\u0119 z 8 element\u00f3w.<br \/>\nLiczba element\u00f3w w kartonie:<\/p>\n<p>8 cz\u0119\u015bci stojaka<\/p>\n<p>10 \u015brub do monta\u017cu<\/p>\n<p>Klucz do skr\u0119cenia &#8211; we w\u0142asnym zakresie \ud83d\ude42<\/p>\n","protected":false},"excerpt":{"rendered":"<p>Wymiary podane na zdj\u0119ciu<\/p>\n<p>Idealnie zgrywa si\u0119 z naszymi ledonami \ud83d\ude42<\/p>\n<p><strong>Cena z wysy\u0142k\u0105 w dwie strony.<\/strong><\/p>\n<p>&nbsp;<\/p>\n","protected":false},"featured_media":17889,"comment_status":"open","ping_status":"closed","template":"","meta":{"_monsterinsights_skip_tracking":false,"_monsterinsights_sitenote_active":false,"_monsterinsights_sitenote_note":"","_monsterinsights_sitenote_category":0},"product_brand":[],"product_cat":[82,76],"product_tag":[78,77],"class_list":{"0":"post-17888","1":"product","2":"type-product","3":"status-publish","4":"has-post-thumbnail","6":"product_cat-dekoracje","7":"product_cat-ledony","8":"product_tag-ledon","9":"product_tag-wynajem","11":"first","12":"instock","13":"shipping-taxable","14":"purchasable","15":"product-type-redq_rental"},"aioseo_notices":[],"_links":{"self":[{"href":"https:\/\/magicznemomenty.pl\/sklep\/wp-json\/wp\/v2\/product\/17888","targetHints":{"allow":["GET"]}}],"collection":[{"href":"https:\/\/magicznemomenty.pl\/sklep\/wp-json\/wp\/v2\/product"}],"about":[{"href":"https:\/\/magicznemomenty.pl\/sklep\/wp-json\/wp\/v2\/types\/product"}],"replies":[{"embeddable":true,"href":"https:\/\/magicznemomenty.pl\/sklep\/wp-json\/wp\/v2\/comments?post=17888"}],"version-history":[{"count":1,"href":"https:\/\/magicznemomenty.pl\/sklep\/wp-json\/wp\/v2\/product\/17888\/revisions"}],"predecessor-version":[{"id":17893,"href":"https:\/\/magicznemomenty.pl\/sklep\/wp-json\/wp\/v2\/product\/17888\/revisions\/17893"}],"wp:featuredmedia":[{"embeddable":true,"href":"https:\/\/magicznemomenty.pl\/sklep\/wp-json\/wp\/v2\/media\/17889"}],"wp:attachment":[{"href":"https:\/\/magicznemomenty.pl\/sklep\/wp-json\/wp\/v2\/media?parent=17888"}],"wp:term":[{"taxonomy":"product_brand","embeddable":true,"href":"https:\/\/magicznemomenty.pl\/sklep\/wp-json\/wp\/v2\/product_brand?post=17888"},{"taxonomy":"product_cat","embeddable":true,"href":"https:\/\/magicznemomenty.pl\/sklep\/wp-json\/wp\/v2\/product_cat?post=17888"},{"taxonomy":"product_tag","embeddable":true,"href":"https:\/\/magicznemomenty.pl\/sklep\/wp-json\/wp\/v2\/product_tag?post=17888"}],"curies":[{"name":"wp","href":"https:\/\/api.w.org\/{rel}","templated":true}]}}