{"id":18146,"date":"2025-06-04T08:18:49","date_gmt":"2025-06-04T07:18:49","guid":{"rendered":"https:\/\/magicznemomenty.pl\/sklep\/?post_type=product&#038;p=18146"},"modified":"2025-06-04T08:46:41","modified_gmt":"2025-06-04T07:46:41","slug":"wiatraki-iskier","status":"publish","type":"product","link":"https:\/\/magicznemomenty.pl\/sklep\/produkt\/wiatraki-iskier\/","title":{"rendered":"Wiatraki iskier"},"content":{"rendered":"<p>Kurierem wysy\u0142amy do Pa\u0144stwa system do wiatrak\u00f3w iskier (sterownik + statyw) wraz z wk\u0142adami (3 metry \/ 60 sekund) i dok\u0142adn\u0105 instrukcj\u0119 jak nale\u017cy przygotowa\u0107 wiatrak. Wszystko jest bardzo \u0142atwe &#8211; ca\u0142o\u015b\u0107 uruchamiamy zdalnie pilotem. Ca\u0142y system nale\u017cy do nas odes\u0142a\u0107 (wysy\u0142ka w obie strony w cenie, my dajemy Pa\u0144stwu etykiet\u0119 zwrotn\u0105).<\/p>\n<p>Cena zawiera:<br \/>\n&#8211; sterownik<br \/>\n&#8211; statyw<br \/>\n&#8211; pilot<br \/>\n&#8211; naboje &#8211; 6 sztuk &#8211; 3 metry \/ 60 sekund<\/p>\n","protected":false},"excerpt":{"rendered":"<p>Wiatrak iskier jest to wyrzutnia iskier, kt\u00f3ra po odpaleniu kr\u0119ci si\u0119 z rozpi\u0119to\u015bci\u0105 6 metr\u00f3w daj\u0105c magiczny efekt.<\/p>\n<ul>\n<li>wysoko\u015b\u0107 iskier &#8211; <strong>3 metry<\/strong><\/li>\n<li>czas dzia\u0142ania &#8211;\u00a0<strong>60 sekund<\/strong><\/li>\n<li>idealnie sprawdzaj\u0105 si\u0119 do <strong>tortu na weselu<br \/>\n<\/strong><\/li>\n<\/ul>\n<p>Wynajmij od jednego do trzech wiatrak\u00f3w &#8211; opcje znajdziesz poni\u017cej. Potrzebujesz wi\u0119cej &#8211; napisz do nas!<\/p>\n","protected":false},"featured_media":18147,"comment_status":"open","ping_status":"closed","template":"","meta":{"_monsterinsights_skip_tracking":false,"_monsterinsights_sitenote_active":false,"_monsterinsights_sitenote_note":"","_monsterinsights_sitenote_category":0},"product_brand":[],"product_cat":[96,84],"product_tag":[98,97,117],"class_list":{"0":"post-18146","1":"product","2":"type-product","3":"status-publish","4":"has-post-thumbnail","6":"product_cat-pirotechnika","7":"product_cat-wypozyczalnia","8":"product_tag-fontanny","9":"product_tag-iskry","10":"product_tag-wiatraki","12":"first","13":"instock","14":"shipping-taxable","15":"purchasable","16":"product-type-redq_rental"},"aioseo_notices":[],"_links":{"self":[{"href":"https:\/\/magicznemomenty.pl\/sklep\/wp-json\/wp\/v2\/product\/18146","targetHints":{"allow":["GET"]}}],"collection":[{"href":"https:\/\/magicznemomenty.pl\/sklep\/wp-json\/wp\/v2\/product"}],"about":[{"href":"https:\/\/magicznemomenty.pl\/sklep\/wp-json\/wp\/v2\/types\/product"}],"replies":[{"embeddable":true,"href":"https:\/\/magicznemomenty.pl\/sklep\/wp-json\/wp\/v2\/comments?post=18146"}],"version-history":[{"count":2,"href":"https:\/\/magicznemomenty.pl\/sklep\/wp-json\/wp\/v2\/product\/18146\/revisions"}],"predecessor-version":[{"id":18151,"href":"https:\/\/magicznemomenty.pl\/sklep\/wp-json\/wp\/v2\/product\/18146\/revisions\/18151"}],"wp:featuredmedia":[{"embeddable":true,"href":"https:\/\/magicznemomenty.pl\/sklep\/wp-json\/wp\/v2\/media\/18147"}],"wp:attachment":[{"href":"https:\/\/magicznemomenty.pl\/sklep\/wp-json\/wp\/v2\/media?parent=18146"}],"wp:term":[{"taxonomy":"product_brand","embeddable":true,"href":"https:\/\/magicznemomenty.pl\/sklep\/wp-json\/wp\/v2\/product_brand?post=18146"},{"taxonomy":"product_cat","embeddable":true,"href":"https:\/\/magicznemomenty.pl\/sklep\/wp-json\/wp\/v2\/product_cat?post=18146"},{"taxonomy":"product_tag","embeddable":true,"href":"https:\/\/magicznemomenty.pl\/sklep\/wp-json\/wp\/v2\/product_tag?post=18146"}],"curies":[{"name":"wp","href":"https:\/\/api.w.org\/{rel}","templated":true}]}}