{"id":18820,"date":"2026-02-05T14:59:51","date_gmt":"2026-02-05T13:59:51","guid":{"rendered":"https:\/\/magicznemomenty.pl\/sklep\/?post_type=product&#038;p=18820"},"modified":"2026-02-05T15:15:29","modified_gmt":"2026-02-05T14:15:29","slug":"pirofolia-kochani-rodzice-dziekujemy","status":"publish","type":"product","link":"https:\/\/magicznemomenty.pl\/sklep\/produkt\/pirofolia-kochani-rodzice-dziekujemy\/","title":{"rendered":"Pirofolia &#8222;Kochani rodzice dzi\u0119kujemy&#8221;"},"content":{"rendered":"<p>Kolor: czarny<\/p>\n<p>Wymiary: 6,5&#215;1,6m<\/p>\n<p>Waga: 1 kg<\/p>\n","protected":false},"excerpt":{"rendered":"<p>Pirofolia &#8222;Kochani Rodzice Dzi\u0119kujemy! \u2665&#8221; to idealne pirotechniczne podzi\u0119kowanie dla rodzic\u00f3w podczas uroczysto\u015bci.<\/p>\n","protected":false},"featured_media":18821,"comment_status":"open","ping_status":"closed","template":"","meta":{"_monsterinsights_skip_tracking":false,"_monsterinsights_sitenote_active":false,"_monsterinsights_sitenote_note":"","_monsterinsights_sitenote_category":0},"product_brand":[],"product_cat":[96,84],"product_tag":[120,77],"class_list":{"0":"post-18820","1":"product","2":"type-product","3":"status-publish","4":"has-post-thumbnail","6":"product_cat-pirotechnika","7":"product_cat-wypozyczalnia","8":"product_tag-pirofolia","9":"product_tag-wynajem","11":"first","12":"instock","13":"shipping-taxable","14":"purchasable","15":"product-type-redq_rental"},"aioseo_notices":[],"_links":{"self":[{"href":"https:\/\/magicznemomenty.pl\/sklep\/wp-json\/wp\/v2\/product\/18820","targetHints":{"allow":["GET"]}}],"collection":[{"href":"https:\/\/magicznemomenty.pl\/sklep\/wp-json\/wp\/v2\/product"}],"about":[{"href":"https:\/\/magicznemomenty.pl\/sklep\/wp-json\/wp\/v2\/types\/product"}],"replies":[{"embeddable":true,"href":"https:\/\/magicznemomenty.pl\/sklep\/wp-json\/wp\/v2\/comments?post=18820"}],"version-history":[{"count":1,"href":"https:\/\/magicznemomenty.pl\/sklep\/wp-json\/wp\/v2\/product\/18820\/revisions"}],"predecessor-version":[{"id":18823,"href":"https:\/\/magicznemomenty.pl\/sklep\/wp-json\/wp\/v2\/product\/18820\/revisions\/18823"}],"wp:featuredmedia":[{"embeddable":true,"href":"https:\/\/magicznemomenty.pl\/sklep\/wp-json\/wp\/v2\/media\/18821"}],"wp:attachment":[{"href":"https:\/\/magicznemomenty.pl\/sklep\/wp-json\/wp\/v2\/media?parent=18820"}],"wp:term":[{"taxonomy":"product_brand","embeddable":true,"href":"https:\/\/magicznemomenty.pl\/sklep\/wp-json\/wp\/v2\/product_brand?post=18820"},{"taxonomy":"product_cat","embeddable":true,"href":"https:\/\/magicznemomenty.pl\/sklep\/wp-json\/wp\/v2\/product_cat?post=18820"},{"taxonomy":"product_tag","embeddable":true,"href":"https:\/\/magicznemomenty.pl\/sklep\/wp-json\/wp\/v2\/product_tag?post=18820"}],"curies":[{"name":"wp","href":"https:\/\/api.w.org\/{rel}","templated":true}]}}